{"id":59,"date":"2021-12-30T10:56:32","date_gmt":"2021-12-30T10:56:32","guid":{"rendered":"https:\/\/sales-profit-chain.de\/contact-us"},"modified":"2025-09-09T12:14:40","modified_gmt":"2025-09-09T12:14:40","slug":"impressum","status":"publish","type":"page","link":"https:\/\/sales-profit-chain.com\/en\/impressum","title":{"rendered":"Legal notice"},"content":{"rendered":"<div data-elementor-type=\"wp-page\" data-elementor-id=\"59\" class=\"elementor elementor-59\" data-elementor-post-type=\"page\">\n\t\t\t\t\t\t<section class=\"elementor-section elementor-top-section elementor-element elementor-element-7a8d0207 elementor-section-height-min-height elementor-section-boxed elementor-section-height-default elementor-section-items-middle\" data-id=\"7a8d0207\" data-element_type=\"section\" data-e-type=\"section\" data-settings=\"{&quot;background_background&quot;:&quot;classic&quot;}\">\n\t\t\t\t\t\t\t<div class=\"elementor-background-overlay\"><\/div>\n\t\t\t\t\t\t\t<div class=\"elementor-container elementor-column-gap-default\">\n\t\t\t\t\t<div class=\"elementor-column elementor-col-100 elementor-top-column elementor-element elementor-element-af0b6be\" data-id=\"af0b6be\" data-element_type=\"column\" data-e-type=\"column\" data-settings=\"{&quot;background_background&quot;:&quot;classic&quot;}\">\n\t\t\t<div class=\"elementor-widget-wrap\">\n\t\t\t\t\t\t\t<\/div>\n\t\t<\/div>\n\t\t\t\t\t<\/div>\n\t\t<\/section>\n\t\t\t\t<section class=\"elementor-section elementor-top-section elementor-element elementor-element-3c6e42a5 elementor-section-height-min-height elementor-section-items-stretch elementor-section-boxed elementor-section-height-default\" data-id=\"3c6e42a5\" data-element_type=\"section\" data-e-type=\"section\" data-settings=\"{&quot;background_background&quot;:&quot;classic&quot;}\">\n\t\t\t\t\t\t<div class=\"elementor-container elementor-column-gap-default\">\n\t\t\t\t\t<div class=\"elementor-column elementor-col-100 elementor-top-column elementor-element elementor-element-352423d8\" data-id=\"352423d8\" data-element_type=\"column\" data-e-type=\"column\" data-settings=\"{&quot;background_background&quot;:&quot;classic&quot;}\">\n\t\t\t<div class=\"elementor-widget-wrap elementor-element-populated\">\n\t\t\t\t\t\t<div class=\"elementor-element elementor-element-7d17a8b elementor-widget elementor-widget-heading\" data-id=\"7d17a8b\" data-element_type=\"widget\" data-e-type=\"widget\" data-widget_type=\"heading.default\">\n\t\t\t\t<div class=\"elementor-widget-container\">\n\t\t\t\t\t<h1 class=\"elementor-heading-title elementor-size-default\">Legal notice<\/h1>\t\t\t\t<\/div>\n\t\t\t\t<\/div>\n\t\t\t\t\t<\/div>\n\t\t<\/div>\n\t\t\t\t\t<\/div>\n\t\t<\/section>\n\t\t\t\t<section class=\"elementor-section elementor-top-section elementor-element elementor-element-6e45772 elementor-section-boxed elementor-section-height-default elementor-section-height-default\" data-id=\"6e45772\" data-element_type=\"section\" data-e-type=\"section\">\n\t\t\t\t\t\t<div class=\"elementor-container elementor-column-gap-default\">\n\t\t\t\t\t<div class=\"elementor-column elementor-col-100 elementor-top-column elementor-element elementor-element-84e7bd6\" data-id=\"84e7bd6\" data-element_type=\"column\" data-e-type=\"column\">\n\t\t\t<div class=\"elementor-widget-wrap elementor-element-populated\">\n\t\t\t\t\t\t<div class=\"elementor-element elementor-element-e5a9ddd elementor-widget elementor-widget-text-editor\" data-id=\"e5a9ddd\" data-element_type=\"widget\" data-e-type=\"widget\" data-widget_type=\"text-editor.default\">\n\t\t\t\t<div class=\"elementor-widget-container\">\n\t\t\t\t\t\t\t\t\t<h3>Address<\/h3><p>Prof. Dr. Jan Wieseke<br \/>Ruhr-Universit\u00e4t Bochum<br \/>Universit\u00e4tsstra\u00dfe 150<br \/>Room GD, E02-423<br \/>44801 Bochum<\/p><h4>Represented by<\/h4><p>Bochum Sales Publishing GmbH<\/p><h3 data-fontsize=\"40\" data-lineheight=\"48px\">Contact<\/h3><p>Phone: <a href=\"tel:+492343226596\" data-dtype=\"d3ph\" data-local-attribute=\"d3ph\" data-ved=\"2ahUKEwi488uaxZr1AhXESfEDHT4yDKoQkAgoAHoECDsQAw\"><span aria-label=\"0234 3226596 anrufen\">+49 234 3226596<\/span><\/a><br \/>Email: <a href=\"mailto:Sales-management-department@ruhr-uni-bochum.de\"><span style=\"font-weight: 400;\">sales-management-department@ruhr-uni-bochum.de<\/span><\/a><\/p><h3 style=\"font-style: normal;\">Dispute resolution procedure<\/h3><p>We are not willing or obliged to participate in dispute resolution proceedings before a consumer arbitration board.\u00a0<\/p><h3>Webdesign<\/h3><p>Webdesign from <a href=\"https:\/\/webseiten-schmied.de\/\">Webseiten-Schmied<\/a> by <a href=\"https:\/\/platri.de\/\">Platri IT<\/a><\/p>\t\t\t\t\t\t\t\t<\/div>\n\t\t\t\t<\/div>\n\t\t\t\t\t<\/div>\n\t\t<\/div>\n\t\t\t\t\t<\/div>\n\t\t<\/section>\n\t\t\t\t<\/div>","protected":false},"excerpt":{"rendered":"<p>Impressum Anschrift Prof. Dr. Jan WiesekeRuhr-Universit\u00e4t BochumUniversit\u00e4tsstra\u00dfe 150Raum GD, E02-42344801 Bochum Vertreten durch Bochum Sales Publishing GmbH Kontakt Telefon: +49 234 3226596E-Mail: sales-management-department@ruhr-uni-bochum.de Streitbeilegungsverfahren Wir sind nicht bereit oder verpflichtet, an Streitbeilegungsverfahren vor einer Verbraucherschlichtungsstelle teilzunehmen.\u00a0 Webdesign Webdesign von Webseiten-Schmied by Platri IT<\/p>","protected":false},"author":2,"featured_media":0,"parent":0,"menu_order":0,"comment_status":"closed","ping_status":"closed","template":"elementor_header_footer","meta":{"inline_featured_image":false,"footnotes":""},"class_list":["post-59","page","type-page","status-publish"],"_links":{"self":[{"href":"https:\/\/sales-profit-chain.com\/en\/wp-json\/wp\/v2\/pages\/59","targetHints":{"allow":["GET"]}}],"collection":[{"href":"https:\/\/sales-profit-chain.com\/en\/wp-json\/wp\/v2\/pages"}],"about":[{"href":"https:\/\/sales-profit-chain.com\/en\/wp-json\/wp\/v2\/types\/page"}],"author":[{"embeddable":true,"href":"https:\/\/sales-profit-chain.com\/en\/wp-json\/wp\/v2\/users\/2"}],"replies":[{"embeddable":true,"href":"https:\/\/sales-profit-chain.com\/en\/wp-json\/wp\/v2\/comments?post=59"}],"version-history":[{"count":44,"href":"https:\/\/sales-profit-chain.com\/en\/wp-json\/wp\/v2\/pages\/59\/revisions"}],"predecessor-version":[{"id":2257,"href":"https:\/\/sales-profit-chain.com\/en\/wp-json\/wp\/v2\/pages\/59\/revisions\/2257"}],"wp:attachment":[{"href":"https:\/\/sales-profit-chain.com\/en\/wp-json\/wp\/v2\/media?parent=59"}],"curies":[{"name":"wp","href":"https:\/\/api.w.org\/{rel}","templated":true}]}}